{"id":6297,"date":"2023-03-06T10:46:40","date_gmt":"2023-03-06T10:46:40","guid":{"rendered":"https:\/\/stereau.tpdev.net\/media-2\/press-release\/"},"modified":"2023-11-03T10:28:08","modified_gmt":"2023-11-03T10:28:08","slug":"press-release","status":"publish","type":"page","link":"https:\/\/www.stereau.com\/en\/media\/press-release\/","title":{"rendered":"Press release"},"content":{"rendered":"\t\t<div data-elementor-type=\"wp-page\" data-elementor-id=\"6297\" class=\"elementor elementor-6297 elementor-1111\" data-elementor-post-type=\"page\">\n\t\t\t\t\t\t<section class=\"elementor-section elementor-top-section elementor-element elementor-element-7c40a57c elementor-section-height-min-height elementor-section-content-middle elementor-section-boxed elementor-section-height-default elementor-section-items-middle\" data-id=\"7c40a57c\" data-element_type=\"section\" data-e-type=\"section\">\n\t\t\t\t\t\t\t<div class=\"elementor-background-overlay\"><\/div>\n\t\t\t\t\t\t\t<div class=\"elementor-container elementor-column-gap-no\">\n\t\t\t\t\t<div class=\"elementor-column elementor-col-100 elementor-top-column elementor-element elementor-element-41b2feb8\" data-id=\"41b2feb8\" data-element_type=\"column\" data-e-type=\"column\" data-settings=\"{&quot;background_background&quot;:&quot;classic&quot;}\">\n\t\t\t<div class=\"elementor-widget-wrap elementor-element-populated\">\n\t\t\t\t\t<div class=\"elementor-background-overlay\"><\/div>\n\t\t\t\t\t\t<section class=\"elementor-section elementor-inner-section elementor-element elementor-element-7b6a5626 elementor-section-boxed elementor-section-height-default elementor-section-height-default\" data-id=\"7b6a5626\" data-element_type=\"section\" data-e-type=\"section\">\n\t\t\t\t\t\t\t<div class=\"elementor-background-overlay\"><\/div>\n\t\t\t\t\t\t\t<div class=\"elementor-container elementor-column-gap-wide\">\n\t\t\t\t\t<div class=\"elementor-column elementor-col-16 elementor-inner-column elementor-element elementor-element-5f37c893\" data-id=\"5f37c893\" data-element_type=\"column\" data-e-type=\"column\">\n\t\t\t<div class=\"elementor-widget-wrap elementor-element-populated\">\n\t\t\t\t\t\t<div class=\"elementor-element elementor-element-816c49e e-transform elementor-widget elementor-widget-image\" data-id=\"816c49e\" data-element_type=\"widget\" data-e-type=\"widget\" data-settings=\"{&quot;_transform_scale_effect_hover&quot;:{&quot;unit&quot;:&quot;px&quot;,&quot;size&quot;:&quot;&quot;,&quot;sizes&quot;:[]},&quot;_transform_scale_effect_hover_tablet&quot;:{&quot;unit&quot;:&quot;px&quot;,&quot;size&quot;:&quot;&quot;,&quot;sizes&quot;:[]},&quot;_transform_scale_effect_hover_mobile&quot;:{&quot;unit&quot;:&quot;px&quot;,&quot;size&quot;:&quot;&quot;,&quot;sizes&quot;:[]}}\" data-widget_type=\"image.default\">\n\t\t\t\t<div class=\"elementor-widget-container\">\n\t\t\t\t\t\t\t\t\t\t\t\t\t\t\t<img decoding=\"async\" width=\"50\" height=\"200\" src=\"https:\/\/www.stereau.com\/wp-content\/uploads\/2023\/02\/parenthese-G-200.svg\" class=\"attachment-full size-full wp-image-5720\" alt=\"\" \/>\t\t\t\t\t\t\t\t\t\t\t\t\t\t\t<\/div>\n\t\t\t\t<\/div>\n\t\t\t\t\t<\/div>\n\t\t<\/div>\n\t\t\t\t<div class=\"elementor-column elementor-col-66 elementor-inner-column elementor-element elementor-element-291fb28\" data-id=\"291fb28\" data-element_type=\"column\" data-e-type=\"column\">\n\t\t\t<div class=\"elementor-widget-wrap elementor-element-populated\">\n\t\t\t\t\t\t<div class=\"elementor-element elementor-element-3d3474e6 elementor-widget elementor-widget-heading\" data-id=\"3d3474e6\" data-element_type=\"widget\" data-e-type=\"widget\" data-widget_type=\"heading.default\">\n\t\t\t\t<div class=\"elementor-widget-container\">\n\t\t\t\t\t<h1 class=\"elementor-heading-title elementor-size-default\">Press release<\/h1>\t\t\t\t<\/div>\n\t\t\t\t<\/div>\n\t\t\t\t\t<\/div>\n\t\t<\/div>\n\t\t\t\t<div class=\"elementor-column elementor-col-16 elementor-inner-column elementor-element elementor-element-4912ee00 bandeau-col-3\" data-id=\"4912ee00\" data-element_type=\"column\" data-e-type=\"column\">\n\t\t\t<div class=\"elementor-widget-wrap elementor-element-populated\">\n\t\t\t\t\t\t<div class=\"elementor-element elementor-element-68a85c64 elementor-widget elementor-widget-image\" data-id=\"68a85c64\" data-element_type=\"widget\" data-e-type=\"widget\" data-widget_type=\"image.default\">\n\t\t\t\t<div class=\"elementor-widget-container\">\n\t\t\t\t\t\t\t\t\t\t\t\t\t\t\t<img decoding=\"async\" width=\"50\" height=\"200\" src=\"https:\/\/www.stereau.com\/wp-content\/uploads\/2023\/02\/parenthese-D-200.svg\" class=\"attachment-full size-full wp-image-5719\" alt=\"\" \/>\t\t\t\t\t\t\t\t\t\t\t\t\t\t\t<\/div>\n\t\t\t\t<\/div>\n\t\t\t\t\t<\/div>\n\t\t<\/div>\n\t\t\t\t\t<\/div>\n\t\t<\/section>\n\t\t\t\t\t<\/div>\n\t\t<\/div>\n\t\t\t\t\t<\/div>\n\t\t<\/section>\n\t\t\t\t<section class=\"elementor-section elementor-top-section elementor-element elementor-element-3365ec68 elementor-section-boxed elementor-section-height-default elementor-section-height-default\" data-id=\"3365ec68\" data-element_type=\"section\" data-e-type=\"section\">\n\t\t\t\t\t\t<div class=\"elementor-container elementor-column-gap-default\">\n\t\t\t\t\t<div class=\"elementor-column elementor-col-100 elementor-top-column elementor-element elementor-element-37920e60\" data-id=\"37920e60\" data-element_type=\"column\" data-e-type=\"column\">\n\t\t\t<div class=\"elementor-widget-wrap elementor-element-populated\">\n\t\t\t\t\t\t<div class=\"elementor-element elementor-element-4b6ce5bd elementor-grid-3 elementor-grid-tablet-2 elementor-grid-mobile-1 elementor-widget elementor-widget-realisations\" data-id=\"4b6ce5bd\" data-element_type=\"widget\" data-e-type=\"widget\" data-settings=\"{&quot;columns&quot;:&quot;3&quot;,&quot;columns_tablet&quot;:&quot;2&quot;,&quot;columns_mobile&quot;:&quot;1&quot;,&quot;row_gap&quot;:{&quot;unit&quot;:&quot;px&quot;,&quot;size&quot;:35,&quot;sizes&quot;:[]},&quot;row_gap_tablet&quot;:{&quot;unit&quot;:&quot;px&quot;,&quot;size&quot;:&quot;&quot;,&quot;sizes&quot;:[]},&quot;row_gap_mobile&quot;:{&quot;unit&quot;:&quot;px&quot;,&quot;size&quot;:&quot;&quot;,&quot;sizes&quot;:[]}}\" data-widget_type=\"realisations.default\">\n\t\t\t\t<div class=\"elementor-widget-container\">\n\t\t\t\t\t\t\t<div class=\"elementor-posts-container elementor-posts elementor-posts--skin-classic elementor-grid elementor-has-item-ratio\">\n\t\t\t\t\t<article class=\"elementor-post elementor-grid-item post-9812 communiques type-communiques status-publish has-post-thumbnail hentry\">\n\n\n\t\t\t\t\t\t\t\t\t<a class=\"elementor-post__thumbnail__link\" href=\"https:\/\/www.stereau.com\/en\/press-releases\/bkt-tomorrow-water-and-stereau-join-forces-to-deploy-the-proteus-biofiltration-process-in-france-and-switzerland\/\">\n\t\t\t\t\t\t<div class=\"_elementor-post__thumbnail wc_thumbnail\">\n\t\t\t\t\t\t<img fetchpriority=\"high\" decoding=\"async\" width=\"2560\" height=\"1441\" src=\"https:\/\/www.stereau.com\/wp-content\/uploads\/2025\/11\/signature-partenariat_stereau_bkt_20112025-scaled.jpg\" class=\"attachment-post-thumbnail size-post-thumbnail wp-post-image\" alt=\"\" srcset=\"https:\/\/www.stereau.com\/wp-content\/uploads\/2025\/11\/signature-partenariat_stereau_bkt_20112025-scaled.jpg 2560w, https:\/\/www.stereau.com\/wp-content\/uploads\/2025\/11\/signature-partenariat_stereau_bkt_20112025-300x169.jpg 300w, https:\/\/www.stereau.com\/wp-content\/uploads\/2025\/11\/signature-partenariat_stereau_bkt_20112025-1024x577.jpg 1024w, https:\/\/www.stereau.com\/wp-content\/uploads\/2025\/11\/signature-partenariat_stereau_bkt_20112025-768x432.jpg 768w, https:\/\/www.stereau.com\/wp-content\/uploads\/2025\/11\/signature-partenariat_stereau_bkt_20112025-1536x865.jpg 1536w, https:\/\/www.stereau.com\/wp-content\/uploads\/2025\/11\/signature-partenariat_stereau_bkt_20112025-2048x1153.jpg 2048w, https:\/\/www.stereau.com\/wp-content\/uploads\/2025\/11\/signature-partenariat_stereau_bkt_20112025-380x214.jpg 380w\" sizes=\"(max-width: 2560px) 100vw, 2560px\" \/>\t\t\t\t\t\t\t\t\t\t\t\t<\/div>\n\t\t\t\t\t<\/a>\n\t\t\t\t \n\n\n\n\n\t\t\t\t<div class=\"_elementor-post__text\">\n\t\t\t\t\t<div class=\"elementor-post__meta-data\">\n\t\t\t\t\t\t \n\t\t\t\t\t\t \n\t\t\t\t\t\t\t\t\t\t\t\t\t<span>November 25, 2025<\/span>\n\t\t\t\t\t\t\t\t\t\t\t<\/div>\n\t\t\t\t\t<h3>\n\t\t\t\t\t\t\t\t\t\t\t<a href=\"https:\/\/www.stereau.com\/en\/press-releases\/bkt-tomorrow-water-and-stereau-join-forces-to-deploy-the-proteus-biofiltration-process-in-france-and-switzerland\/\">BKT \u2013 Tomorrow Water and Stereau join forces to deploy the Proteus\u2122 biofiltration process in France and Switzerland<\/a>\n\t\t\t\t\t \n\t\t\t\t\t<\/h3>\n\t\t\t\t\t\t\t\t\t\t\t\t\t\t\t<div class=\"post-btns\">\n\t\t\t\t\t\t\t\t\t\t<\/div>\n\t\t\t\t<\/div>\n\n\t\t\t<\/article>\n\t\t\t\t\t\t<article class=\"elementor-post elementor-grid-item post-9767 communiques type-communiques status-publish has-post-thumbnail hentry\">\n\n\n\t\t\t\t\t\t\t\t\t<a class=\"elementor-post__thumbnail__link\" href=\"https:\/\/www.stereau.com\/en\/press-releases\/stereau-and-enosis-partner-to-integrate-biological-methanation-into-the-wastewater-treatment-plants-of-tomorrow\/\">\n\t\t\t\t\t\t<div class=\"_elementor-post__thumbnail wc_thumbnail\">\n\t\t\t\t\t\t<img loading=\"lazy\" decoding=\"async\" width=\"2048\" height=\"1536\" src=\"https:\/\/www.stereau.com\/wp-content\/uploads\/2025\/11\/smcl-2025_partenariat-stereau-enosis_signature.jpg\" class=\"attachment-post-thumbnail size-post-thumbnail wp-post-image\" alt=\"Stereau\u2013Enosis partnership on biological methanation of wastewater\" srcset=\"https:\/\/www.stereau.com\/wp-content\/uploads\/2025\/11\/smcl-2025_partenariat-stereau-enosis_signature.jpg 2048w, https:\/\/www.stereau.com\/wp-content\/uploads\/2025\/11\/smcl-2025_partenariat-stereau-enosis_signature-300x225.jpg 300w, https:\/\/www.stereau.com\/wp-content\/uploads\/2025\/11\/smcl-2025_partenariat-stereau-enosis_signature-1024x768.jpg 1024w, https:\/\/www.stereau.com\/wp-content\/uploads\/2025\/11\/smcl-2025_partenariat-stereau-enosis_signature-768x576.jpg 768w, https:\/\/www.stereau.com\/wp-content\/uploads\/2025\/11\/smcl-2025_partenariat-stereau-enosis_signature-1536x1152.jpg 1536w, https:\/\/www.stereau.com\/wp-content\/uploads\/2025\/11\/smcl-2025_partenariat-stereau-enosis_signature-380x285.jpg 380w\" sizes=\"(max-width: 2048px) 100vw, 2048px\" \/>\t\t\t\t\t\t\t\t\t\t\t\t<\/div>\n\t\t\t\t\t<\/a>\n\t\t\t\t \n\n\n\n\n\t\t\t\t<div class=\"_elementor-post__text\">\n\t\t\t\t\t<div class=\"elementor-post__meta-data\">\n\t\t\t\t\t\t \n\t\t\t\t\t\t \n\t\t\t\t\t\t\t\t\t\t\t\t\t<span>November 24, 2025<\/span>\n\t\t\t\t\t\t\t\t\t\t\t<\/div>\n\t\t\t\t\t<h3>\n\t\t\t\t\t\t\t\t\t\t\t<a href=\"https:\/\/www.stereau.com\/en\/press-releases\/stereau-and-enosis-partner-to-integrate-biological-methanation-into-the-wastewater-treatment-plants-of-tomorrow\/\">Stereau and Enosis partner to integrate biological methanation into the wastewater treatment plants of tomorrow.<\/a>\n\t\t\t\t\t \n\t\t\t\t\t<\/h3>\n\t\t\t\t\t\t\t\t\t\t\t\t\t\t\t<div class=\"post-btns\">\n\t\t\t\t\t\t\t\t\t\t<\/div>\n\t\t\t\t<\/div>\n\n\t\t\t<\/article>\n\t\t\t\t\t\t<article class=\"elementor-post elementor-grid-item post-9702 communiques type-communiques status-publish has-post-thumbnail hentry\">\n\n\n\t\t\t\t\t\t\t\t\t<a class=\"elementor-post__thumbnail__link\" href=\"https:\/\/www.stereau.com\/en\/press-releases\/the-metropole-europeenne-de-lille-lays-the-foundation-stone-of-the-future-wattrelos-leers-wastewater-treatment-plant\/\">\n\t\t\t\t\t\t<div class=\"_elementor-post__thumbnail wc_thumbnail\">\n\t\t\t\t\t\t<img loading=\"lazy\" decoding=\"async\" width=\"1724\" height=\"1293\" src=\"https:\/\/www.stereau.com\/wp-content\/uploads\/2025\/09\/wattrelos_premiere_pierre_28082025_1.jpg\" class=\"attachment-post-thumbnail size-post-thumbnail wp-post-image\" alt=\"Groundbreaking \u2013 Wattrelos Wastewater Plant | MEL &amp; Stereau\" srcset=\"https:\/\/www.stereau.com\/wp-content\/uploads\/2025\/09\/wattrelos_premiere_pierre_28082025_1.jpg 1724w, https:\/\/www.stereau.com\/wp-content\/uploads\/2025\/09\/wattrelos_premiere_pierre_28082025_1-300x225.jpg 300w, https:\/\/www.stereau.com\/wp-content\/uploads\/2025\/09\/wattrelos_premiere_pierre_28082025_1-1024x768.jpg 1024w, https:\/\/www.stereau.com\/wp-content\/uploads\/2025\/09\/wattrelos_premiere_pierre_28082025_1-768x576.jpg 768w, https:\/\/www.stereau.com\/wp-content\/uploads\/2025\/09\/wattrelos_premiere_pierre_28082025_1-1536x1152.jpg 1536w, https:\/\/www.stereau.com\/wp-content\/uploads\/2025\/09\/wattrelos_premiere_pierre_28082025_1-380x285.jpg 380w\" sizes=\"(max-width: 1724px) 100vw, 1724px\" \/>\t\t\t\t\t\t\t\t\t\t\t\t<\/div>\n\t\t\t\t\t<\/a>\n\t\t\t\t \n\n\n\n\n\t\t\t\t<div class=\"_elementor-post__text\">\n\t\t\t\t\t<div class=\"elementor-post__meta-data\">\n\t\t\t\t\t\t \n\t\t\t\t\t\t \n\t\t\t\t\t\t\t\t\t\t\t\t\t<span>September 1, 2025<\/span>\n\t\t\t\t\t\t\t\t\t\t\t<\/div>\n\t\t\t\t\t<h3>\n\t\t\t\t\t\t\t\t\t\t\t<a href=\"https:\/\/www.stereau.com\/en\/press-releases\/the-metropole-europeenne-de-lille-lays-the-foundation-stone-of-the-future-wattrelos-leers-wastewater-treatment-plant\/\">The M\u00e9tropole Europ\u00e9enne de Lille lays the foundation stone of the future Wattrelos\u2013Leers wastewater treatment plant<\/a>\n\t\t\t\t\t \n\t\t\t\t\t<\/h3>\n\t\t\t\t\t\t\t\t\t\t\t\t\t\t\t<div class=\"post-btns\">\n\t\t\t\t\t\t\t\t\t\t<\/div>\n\t\t\t\t<\/div>\n\n\t\t\t<\/article>\n\t\t\t\t\t\t<article class=\"elementor-post elementor-grid-item post-9307 communiques type-communiques status-publish has-post-thumbnail hentry\">\n\n\n\t\t\t\t\t\t\t\t\t<a class=\"elementor-post__thumbnail__link\" href=\"https:\/\/www.stereau.com\/en\/press-releases\/saur-france-and-stereau-win-contract-to-modernize-and-operate-maintain-wattrelos-wastewater-treatment-plant\/\">\n\t\t\t\t\t\t<div class=\"_elementor-post__thumbnail wc_thumbnail\">\n\t\t\t\t\t\t<img loading=\"lazy\" decoding=\"async\" width=\"864\" height=\"486\" src=\"https:\/\/www.stereau.com\/wp-content\/uploads\/2024\/12\/28077346.jpeg\" class=\"attachment-post-thumbnail size-post-thumbnail wp-post-image\" alt=\"Wattrelos wastewater treatment plant - M\u00e9tropole Europ\u00e9enne de Lille Water transition\" srcset=\"https:\/\/www.stereau.com\/wp-content\/uploads\/2024\/12\/28077346.jpeg 864w, https:\/\/www.stereau.com\/wp-content\/uploads\/2024\/12\/28077346-300x169.jpeg 300w, https:\/\/www.stereau.com\/wp-content\/uploads\/2024\/12\/28077346-768x432.jpeg 768w, https:\/\/www.stereau.com\/wp-content\/uploads\/2024\/12\/28077346-380x214.jpeg 380w\" sizes=\"(max-width: 864px) 100vw, 864px\" \/>\t\t\t\t\t\t\t\t\t\t\t\t<\/div>\n\t\t\t\t\t<\/a>\n\t\t\t\t \n\n\n\n\n\t\t\t\t<div class=\"_elementor-post__text\">\n\t\t\t\t\t<div class=\"elementor-post__meta-data\">\n\t\t\t\t\t\t \n\t\t\t\t\t\t \n\t\t\t\t\t\t\t\t\t\t\t\t\t<span>September 19, 2024<\/span>\n\t\t\t\t\t\t\t\t\t\t\t<\/div>\n\t\t\t\t\t<h3>\n\t\t\t\t\t\t\t\t\t\t\t<a href=\"https:\/\/www.stereau.com\/en\/press-releases\/saur-france-and-stereau-win-contract-to-modernize-and-operate-maintain-wattrelos-wastewater-treatment-plant\/\">Saur France and Stereau win contract to modernize and operate-maintain Wattrelos wastewater treatment plant<\/a>\n\t\t\t\t\t \n\t\t\t\t\t<\/h3>\n\t\t\t\t\t\t\t\t\t\t\t\t\t\t\t<div class=\"post-btns\">\n\t\t\t\t\t\t\t\t\t\t<\/div>\n\t\t\t\t<\/div>\n\n\t\t\t<\/article>\n\t\t\t\t\t\t<article class=\"elementor-post elementor-grid-item post-8711 communiques type-communiques status-publish has-post-thumbnail hentry\">\n\n\n\t\t\t\t\t\t\t\t\t<a class=\"elementor-post__thumbnail__link\" href=\"https:\/\/www.stereau.com\/en\/press-releases\/stereau-to-supply-mayotte-with-10000-m3-of-drinking-water-a-day\/\">\n\t\t\t\t\t\t<div class=\"_elementor-post__thumbnail wc_thumbnail\">\n\t\t\t\t\t\t<img loading=\"lazy\" decoding=\"async\" width=\"2560\" height=\"1372\" src=\"https:\/\/www.stereau.com\/wp-content\/uploads\/2024\/09\/a08-vue-aerienne_edited-scaled.jpg\" class=\"attachment-post-thumbnail size-post-thumbnail wp-post-image\" alt=\"Stereau International - Ile de Mayotte - Usine de dessalement d&#039;ironi B\u00e9 eau potable - transition hydrique - Oc\u00e9an Indien\" srcset=\"https:\/\/www.stereau.com\/wp-content\/uploads\/2024\/09\/a08-vue-aerienne_edited-scaled.jpg 2560w, https:\/\/www.stereau.com\/wp-content\/uploads\/2024\/09\/a08-vue-aerienne_edited-300x161.jpg 300w, https:\/\/www.stereau.com\/wp-content\/uploads\/2024\/09\/a08-vue-aerienne_edited-1024x549.jpg 1024w, https:\/\/www.stereau.com\/wp-content\/uploads\/2024\/09\/a08-vue-aerienne_edited-768x412.jpg 768w, https:\/\/www.stereau.com\/wp-content\/uploads\/2024\/09\/a08-vue-aerienne_edited-1536x823.jpg 1536w, https:\/\/www.stereau.com\/wp-content\/uploads\/2024\/09\/a08-vue-aerienne_edited-2048x1098.jpg 2048w, https:\/\/www.stereau.com\/wp-content\/uploads\/2024\/09\/a08-vue-aerienne_edited-380x204.jpg 380w\" sizes=\"(max-width: 2560px) 100vw, 2560px\" \/>\t\t\t\t\t\t\t\t\t\t\t\t<\/div>\n\t\t\t\t\t<\/a>\n\t\t\t\t \n\n\n\n\n\t\t\t\t<div class=\"_elementor-post__text\">\n\t\t\t\t\t<div class=\"elementor-post__meta-data\">\n\t\t\t\t\t\t \n\t\t\t\t\t\t \n\t\t\t\t\t\t\t\t\t\t\t\t\t<span>September 17, 2024<\/span>\n\t\t\t\t\t\t\t\t\t\t\t<\/div>\n\t\t\t\t\t<h3>\n\t\t\t\t\t\t\t\t\t\t\t<a href=\"https:\/\/www.stereau.com\/en\/press-releases\/stereau-to-supply-mayotte-with-10000-m3-of-drinking-water-a-day\/\">Stereau to supply Mayotte with 10,000 m3 of drinking water a day<\/a>\n\t\t\t\t\t \n\t\t\t\t\t<\/h3>\n\t\t\t\t\t\t\t\t\t\t\t\t\t\t\t<div class=\"post-btns\">\n\t\t\t\t\t\t\t\t\t\t<\/div>\n\t\t\t\t<\/div>\n\n\t\t\t<\/article>\n\t\t\t\t\t\t<article class=\"elementor-post elementor-grid-item post-6608 communiques type-communiques status-publish has-post-thumbnail hentry\">\n\n\n\t\t\t\t\t\t\t\t\t<a class=\"elementor-post__thumbnail__link\" href=\"https:\/\/www.stereau.com\/en\/press-releases\/stereau-inaugurates-the-new-orly-2-drinking-water-plant-for-eau-de-paris\/\">\n\t\t\t\t\t\t<div class=\"_elementor-post__thumbnail wc_thumbnail\">\n\t\t\t\t\t\t<img loading=\"lazy\" decoding=\"async\" width=\"2000\" height=\"1333\" src=\"https:\/\/www.stereau.com\/wp-content\/uploads\/2023\/07\/orly_bim_02.jpg.jpg\" class=\"attachment-post-thumbnail size-post-thumbnail wp-post-image\" alt=\"\" srcset=\"https:\/\/www.stereau.com\/wp-content\/uploads\/2023\/07\/orly_bim_02.jpg.jpg 2000w, https:\/\/www.stereau.com\/wp-content\/uploads\/2023\/07\/orly_bim_02.jpg-300x200.jpg 300w, https:\/\/www.stereau.com\/wp-content\/uploads\/2023\/07\/orly_bim_02.jpg-1024x682.jpg 1024w, https:\/\/www.stereau.com\/wp-content\/uploads\/2023\/07\/orly_bim_02.jpg-768x512.jpg 768w, https:\/\/www.stereau.com\/wp-content\/uploads\/2023\/07\/orly_bim_02.jpg-1536x1024.jpg 1536w, https:\/\/www.stereau.com\/wp-content\/uploads\/2023\/07\/orly_bim_02.jpg-380x253.jpg 380w\" sizes=\"(max-width: 2000px) 100vw, 2000px\" \/>\t\t\t\t\t\t\t\t\t\t\t\t<\/div>\n\t\t\t\t\t<\/a>\n\t\t\t\t \n\n\n\n\n\t\t\t\t<div class=\"_elementor-post__text\">\n\t\t\t\t\t<div class=\"elementor-post__meta-data\">\n\t\t\t\t\t\t \n\t\t\t\t\t\t \n\t\t\t\t\t\t\t\t\t\t\t\t\t<span>July 10, 2023<\/span>\n\t\t\t\t\t\t\t\t\t\t\t<\/div>\n\t\t\t\t\t<h3>\n\t\t\t\t\t\t\t\t\t\t\t<a href=\"https:\/\/www.stereau.com\/en\/press-releases\/stereau-inaugurates-the-new-orly-2-drinking-water-plant-for-eau-de-paris\/\">Stereau inaugurates the new Orly 2 drinking water plant for Eau de Paris<\/a>\n\t\t\t\t\t \n\t\t\t\t\t<\/h3>\n\t\t\t\t\t\t\t\t\t\t\t\t\t\t\t<div class=\"post-btns\">\n\t\t\t\t\t\t\t\t\t\t<\/div>\n\t\t\t\t<\/div>\n\n\t\t\t<\/article>\n\t\t\t\t\t<\/div>\n\n\n\t\t\t\t\t\t<nav class=\"elementor-pagination\" aria-label=\"Pagination\">\n\t\t\t\t\t\t\t\t\t\t<ul><li>\n\t\t\t\t\t<span aria-current=\"page\" class=\"page-numbers current\"><span class=\"elementor-screen-only\">Page<\/span>1<\/span><\/li><li><a class=\"page-numbers\" href=\"\/en\/wp-json\/wp\/v2\/pages\/6297?paged=2\"><span class=\"elementor-screen-only\">Page<\/span>2<\/a>\t\t\t\t\t<\/li><\/ul>\n\t\t\t\t<\/nav>\n\n\n\n\t\t\t\t\t\t\t<\/div>\n\t\t\t\t<\/div>\n\t\t\t\t\t<\/div>\n\t\t<\/div>\n\t\t\t\t\t<\/div>\n\t\t<\/section>\n\t\t\t\t<\/div>\n\t\t","protected":false},"excerpt":{"rendered":"<p>Press release 10 octobre 2023 John Cockerill Environment et Stereau s\u2019associent pour d\u00e9ployer le proc\u00e9d\u00e9 BeFlow\u00ae AGS sur le territoire fran\u00e7ais 10 juillet 2023 Stereau inaugure la nouvelle usine d\u2019eau potable d\u2019Orly 2 pour le compte d\u2019Eau de Paris 24 janvier 2023 Le groupe Saur accompagne les collectivit\u00e9s locales dans leur transition hydrique 10 juillet [&hellip;]<\/p>\n","protected":false},"author":2,"featured_media":0,"parent":6185,"menu_order":0,"comment_status":"closed","ping_status":"closed","template":"","meta":{"_acf_changed":false,"_seopress_robots_primary_cat":"","_seopress_titles_title":"Stereau - Our latest press releases","_seopress_titles_desc":"All Stereau press releases (Engineering Saur group) specialising in the design and construction of water treatment facilities","_seopress_robots_index":"","inline_featured_image":false,"site-sidebar-layout":"no-sidebar","site-content-layout":"page-builder","ast-site-content-layout":"default","site-content-style":"default","site-sidebar-style":"default","ast-global-header-display":"","ast-banner-title-visibility":"","ast-main-header-display":"","ast-hfb-above-header-display":"","ast-hfb-below-header-display":"","ast-hfb-mobile-header-display":"","site-post-title":"disabled","ast-breadcrumbs-content":"","ast-featured-img":"disabled","footer-sml-layout":"","ast-disable-related-posts":"","theme-transparent-header-meta":"default","adv-header-id-meta":"","stick-header-meta":"","header-above-stick-meta":"","header-main-stick-meta":"","header-below-stick-meta":"","astra-migrate-meta-layouts":"default","ast-page-background-enabled":"default","ast-page-background-meta":{"desktop":{"background-color":"var(--ast-global-color-4)","background-image":"","background-repeat":"repeat","background-position":"center center","background-size":"auto","background-attachment":"scroll","background-type":"","background-media":"","overlay-type":"","overlay-color":"","overlay-opacity":"","overlay-gradient":""},"tablet":{"background-color":"","background-image":"","background-repeat":"repeat","background-position":"center center","background-size":"auto","background-attachment":"scroll","background-type":"","background-media":"","overlay-type":"","overlay-color":"","overlay-opacity":"","overlay-gradient":""},"mobile":{"background-color":"","background-image":"","background-repeat":"repeat","background-position":"center center","background-size":"auto","background-attachment":"scroll","background-type":"","background-media":"","overlay-type":"","overlay-color":"","overlay-opacity":"","overlay-gradient":""}},"ast-content-background-meta":{"desktop":{"background-color":"var(--ast-global-color-5)","background-image":"","background-repeat":"repeat","background-position":"center center","background-size":"auto","background-attachment":"scroll","background-type":"","background-media":"","overlay-type":"","overlay-color":"","overlay-opacity":"","overlay-gradient":""},"tablet":{"background-color":"var(--ast-global-color-5)","background-image":"","background-repeat":"repeat","background-position":"center center","background-size":"auto","background-attachment":"scroll","background-type":"","background-media":"","overlay-type":"","overlay-color":"","overlay-opacity":"","overlay-gradient":""},"mobile":{"background-color":"var(--ast-global-color-5)","background-image":"","background-repeat":"repeat","background-position":"center center","background-size":"auto","background-attachment":"scroll","background-type":"","background-media":"","overlay-type":"","overlay-color":"","overlay-opacity":"","overlay-gradient":""}},"footnotes":""},"class_list":["post-6297","page","type-page","status-publish","hentry"],"acf":[],"_links":{"self":[{"href":"https:\/\/www.stereau.com\/en\/wp-json\/wp\/v2\/pages\/6297","targetHints":{"allow":["GET"]}}],"collection":[{"href":"https:\/\/www.stereau.com\/en\/wp-json\/wp\/v2\/pages"}],"about":[{"href":"https:\/\/www.stereau.com\/en\/wp-json\/wp\/v2\/types\/page"}],"author":[{"embeddable":true,"href":"https:\/\/www.stereau.com\/en\/wp-json\/wp\/v2\/users\/2"}],"replies":[{"embeddable":true,"href":"https:\/\/www.stereau.com\/en\/wp-json\/wp\/v2\/comments?post=6297"}],"version-history":[{"count":3,"href":"https:\/\/www.stereau.com\/en\/wp-json\/wp\/v2\/pages\/6297\/revisions"}],"predecessor-version":[{"id":6806,"href":"https:\/\/www.stereau.com\/en\/wp-json\/wp\/v2\/pages\/6297\/revisions\/6806"}],"up":[{"embeddable":true,"href":"https:\/\/www.stereau.com\/en\/wp-json\/wp\/v2\/pages\/6185"}],"wp:attachment":[{"href":"https:\/\/www.stereau.com\/en\/wp-json\/wp\/v2\/media?parent=6297"}],"curies":[{"name":"wp","href":"https:\/\/api.w.org\/{rel}","templated":true}]}}