{"id":6295,"date":"2023-03-06T13:10:56","date_gmt":"2023-03-06T13:10:56","guid":{"rendered":"https:\/\/stereau.tpdev.net\/media-2\/publications\/"},"modified":"2025-06-26T13:26:46","modified_gmt":"2025-06-26T13:26:46","slug":"publications","status":"publish","type":"page","link":"https:\/\/www.stereau.com\/en\/media\/publications\/","title":{"rendered":"Publications"},"content":{"rendered":"\t\t<div data-elementor-type=\"wp-page\" data-elementor-id=\"6295\" class=\"elementor elementor-6295 elementor-1122\" data-elementor-post-type=\"page\">\n\t\t\t\t\t\t<section class=\"elementor-section elementor-top-section elementor-element elementor-element-787f4385 elementor-section-height-min-height elementor-section-content-middle elementor-section-boxed elementor-section-height-default elementor-section-items-middle\" data-id=\"787f4385\" data-element_type=\"section\" data-e-type=\"section\">\n\t\t\t\t\t\t\t<div class=\"elementor-background-overlay\"><\/div>\n\t\t\t\t\t\t\t<div class=\"elementor-container elementor-column-gap-no\">\n\t\t\t\t\t<div class=\"elementor-column elementor-col-100 elementor-top-column elementor-element elementor-element-137ca088\" data-id=\"137ca088\" data-element_type=\"column\" data-e-type=\"column\" data-settings=\"{&quot;background_background&quot;:&quot;classic&quot;}\">\n\t\t\t<div class=\"elementor-widget-wrap elementor-element-populated\">\n\t\t\t\t\t<div class=\"elementor-background-overlay\"><\/div>\n\t\t\t\t\t\t<section class=\"elementor-section elementor-inner-section elementor-element elementor-element-57bfab73 elementor-section-boxed elementor-section-height-default elementor-section-height-default\" data-id=\"57bfab73\" data-element_type=\"section\" data-e-type=\"section\">\n\t\t\t\t\t\t\t<div class=\"elementor-background-overlay\"><\/div>\n\t\t\t\t\t\t\t<div class=\"elementor-container elementor-column-gap-wide\">\n\t\t\t\t\t<div class=\"elementor-column elementor-col-16 elementor-inner-column elementor-element elementor-element-56da35d0\" data-id=\"56da35d0\" data-element_type=\"column\" data-e-type=\"column\">\n\t\t\t<div class=\"elementor-widget-wrap elementor-element-populated\">\n\t\t\t\t\t\t<div class=\"elementor-element elementor-element-4a7766ff e-transform elementor-widget elementor-widget-image\" data-id=\"4a7766ff\" data-element_type=\"widget\" data-e-type=\"widget\" data-settings=\"{&quot;_transform_scale_effect_hover&quot;:{&quot;unit&quot;:&quot;px&quot;,&quot;size&quot;:&quot;&quot;,&quot;sizes&quot;:[]},&quot;_transform_scale_effect_hover_tablet&quot;:{&quot;unit&quot;:&quot;px&quot;,&quot;size&quot;:&quot;&quot;,&quot;sizes&quot;:[]},&quot;_transform_scale_effect_hover_mobile&quot;:{&quot;unit&quot;:&quot;px&quot;,&quot;size&quot;:&quot;&quot;,&quot;sizes&quot;:[]}}\" data-widget_type=\"image.default\">\n\t\t\t\t<div class=\"elementor-widget-container\">\n\t\t\t\t\t\t\t\t\t\t\t\t\t\t\t<img decoding=\"async\" width=\"50\" height=\"200\" src=\"https:\/\/www.stereau.com\/wp-content\/uploads\/2023\/02\/parenthese-G-200.svg\" class=\"attachment-full size-full wp-image-5720\" alt=\"\" \/>\t\t\t\t\t\t\t\t\t\t\t\t\t\t\t<\/div>\n\t\t\t\t<\/div>\n\t\t\t\t\t<\/div>\n\t\t<\/div>\n\t\t\t\t<div class=\"elementor-column elementor-col-66 elementor-inner-column elementor-element elementor-element-cfe755e\" data-id=\"cfe755e\" data-element_type=\"column\" data-e-type=\"column\">\n\t\t\t<div class=\"elementor-widget-wrap elementor-element-populated\">\n\t\t\t\t\t\t<div class=\"elementor-element elementor-element-3390dbec elementor-widget elementor-widget-heading\" data-id=\"3390dbec\" data-element_type=\"widget\" data-e-type=\"widget\" data-widget_type=\"heading.default\">\n\t\t\t\t<div class=\"elementor-widget-container\">\n\t\t\t\t\t<h1 class=\"elementor-heading-title elementor-size-default\">Publications<\/h1>\t\t\t\t<\/div>\n\t\t\t\t<\/div>\n\t\t\t\t\t<\/div>\n\t\t<\/div>\n\t\t\t\t<div class=\"elementor-column elementor-col-16 elementor-inner-column elementor-element elementor-element-272d04b bandeau-col-3\" data-id=\"272d04b\" data-element_type=\"column\" data-e-type=\"column\">\n\t\t\t<div class=\"elementor-widget-wrap elementor-element-populated\">\n\t\t\t\t\t\t<div class=\"elementor-element elementor-element-78bc4fc elementor-widget elementor-widget-image\" data-id=\"78bc4fc\" data-element_type=\"widget\" data-e-type=\"widget\" data-widget_type=\"image.default\">\n\t\t\t\t<div class=\"elementor-widget-container\">\n\t\t\t\t\t\t\t\t\t\t\t\t\t\t\t<img decoding=\"async\" width=\"50\" height=\"200\" src=\"https:\/\/www.stereau.com\/wp-content\/uploads\/2023\/02\/parenthese-D-200.svg\" class=\"attachment-full size-full wp-image-5719\" alt=\"\" \/>\t\t\t\t\t\t\t\t\t\t\t\t\t\t\t<\/div>\n\t\t\t\t<\/div>\n\t\t\t\t\t<\/div>\n\t\t<\/div>\n\t\t\t\t\t<\/div>\n\t\t<\/section>\n\t\t\t\t\t<\/div>\n\t\t<\/div>\n\t\t\t\t\t<\/div>\n\t\t<\/section>\n\t\t\t\t<section class=\"elementor-section elementor-top-section elementor-element elementor-element-63ffe85 elementor-section-boxed elementor-section-height-default elementor-section-height-default\" data-id=\"63ffe85\" data-element_type=\"section\" data-e-type=\"section\">\n\t\t\t\t\t\t<div class=\"elementor-container elementor-column-gap-default\">\n\t\t\t\t\t<div class=\"elementor-column elementor-col-100 elementor-top-column elementor-element elementor-element-5b38cf7\" data-id=\"5b38cf7\" data-element_type=\"column\" data-e-type=\"column\">\n\t\t\t<div class=\"elementor-widget-wrap elementor-element-populated\">\n\t\t\t\t\t\t<div class=\"elementor-element elementor-element-8b69e8d elementor-widget elementor-widget-heading\" data-id=\"8b69e8d\" data-element_type=\"widget\" data-e-type=\"widget\" data-widget_type=\"heading.default\">\n\t\t\t\t<div class=\"elementor-widget-container\">\n\t\t\t\t\t<h2 class=\"elementor-heading-title elementor-size-default\">In the spotlight<\/h2>\t\t\t\t<\/div>\n\t\t\t\t<\/div>\n\t\t\t\t\t<\/div>\n\t\t<\/div>\n\t\t\t\t\t<\/div>\n\t\t<\/section>\n\t\t\t\t<section class=\"elementor-section elementor-top-section elementor-element elementor-element-7a95177c bg_1 elementor-section-boxed elementor-section-height-default elementor-section-height-default\" data-id=\"7a95177c\" data-element_type=\"section\" data-e-type=\"section\">\n\t\t\t\t\t\t<div class=\"elementor-container elementor-column-gap-default\">\n\t\t\t\t\t<div class=\"elementor-column elementor-col-50 elementor-top-column elementor-element elementor-element-40d175a0\" data-id=\"40d175a0\" data-element_type=\"column\" data-e-type=\"column\">\n\t\t\t<div class=\"elementor-widget-wrap elementor-element-populated\">\n\t\t\t\t\t\t<div class=\"elementor-element elementor-element-2ce4f339 elementor-widget elementor-widget-publication\" data-id=\"2ce4f339\" data-element_type=\"widget\" data-e-type=\"widget\" data-widget_type=\"publication.default\">\n\t\t\t\t<div class=\"elementor-widget-container\">\n\t\t\t\t\t\t\t\t\t\t\n\t\t\t<div class=\"elementor-element elementor-element-5aa4441 elementor-widget elementor-widget-image\" data-id=\"5aa4441\" data-element_type=\"widget\" data-widget_type=\"image.default\">\n\t\t\t\t<div class=\"elementor-widget-container\">\n\t\t\t\t\t<img fetchpriority=\"high\" decoding=\"async\" width=\"700\" height=\"908\" src=\"https:\/\/www.stereau.com\/wp-content\/uploads\/2025\/06\/capture-decran-2025-06-24-101036.png\" class=\"attachment-post-thumbnail size-post-thumbnail wp-post-image\" alt=\"\" srcset=\"https:\/\/www.stereau.com\/wp-content\/uploads\/2025\/06\/capture-decran-2025-06-24-101036.png 700w, https:\/\/www.stereau.com\/wp-content\/uploads\/2025\/06\/capture-decran-2025-06-24-101036-231x300.png 231w, https:\/\/www.stereau.com\/wp-content\/uploads\/2025\/06\/capture-decran-2025-06-24-101036-380x493.png 380w\" sizes=\"(max-width: 700px) 100vw, 700px\" \/>\t\t\t\t<\/div>\n\t\t\t<\/div>\n\t\t\t\t\t\t\t<\/div>\n\t\t\t\t<\/div>\n\t\t\t\t\t<\/div>\n\t\t<\/div>\n\t\t\t\t<div class=\"elementor-column elementor-col-50 elementor-top-column elementor-element elementor-element-2ccf4b21\" data-id=\"2ccf4b21\" data-element_type=\"column\" data-e-type=\"column\">\n\t\t\t<div class=\"elementor-widget-wrap elementor-element-populated\">\n\t\t\t\t\t\t<div class=\"elementor-element elementor-element-135b83e2 elementor-widget elementor-widget-publication\" data-id=\"135b83e2\" data-element_type=\"widget\" data-e-type=\"widget\" data-widget_type=\"publication.default\">\n\t\t\t\t<div class=\"elementor-widget-container\">\n\t\t\t\t\t\t\t\t\t\t\t<div class=\"elementor-element elementor-element-c58bf15 elementor-widget elementor-widget-text-editor\" data-id=\"c58bf15\" data-element_type=\"widget\" data-widget_type=\"text-editor.default\">\n\t\t\t\t\t<div class=\"elementor-widget-container\">\n\t\t\t\t\t\t<div class=\"elementor-post__text\">\n\t\t\t\t\t\t\t<h3 class=\"elementor-post__title\">Integrated Report 2024<\/h3>\n\t\t\t\t\t\t<\/div>\n\t\t\t\t\t\t\t\t\t\t\t\t\t<div class=\"post-btns\">\n\t\t\t\t\t\t\t\t\t\t\t\t\t\t\t<a target=\"_blank\" href=\"https:\/\/dnr54354splcz.cloudfront.net\/publications\/RI-SAUR-2024-ANGLAIS-V4-EXE_decale-12052025-WEB.pdf?v=1747048021\" class=\"btn-icon\" style=\"text-transform: uppercase;\">Download <i class=\"fa fa-file-pdf\"><\/i><\/a>\n\t\t\t\t\t\t\t\t\t\t\t\t\t\t\t<\/div>\n\t\t\t\t\t\t\n\t\t\t\t\t<\/div>\n\t\t\t\t<\/div>\n\t\t\t\t\t\t\t<\/div>\n\t\t\t\t<\/div>\n\t\t\t\t\t<\/div>\n\t\t<\/div>\n\t\t\t\t\t<\/div>\n\t\t<\/section>\n\t\t\t\t<section class=\"elementor-section elementor-top-section elementor-element elementor-element-5079998 elementor-section-boxed elementor-section-height-default elementor-section-height-default\" data-id=\"5079998\" data-element_type=\"section\" data-e-type=\"section\">\n\t\t\t\t\t\t<div class=\"elementor-container elementor-column-gap-default\">\n\t\t\t\t\t<div class=\"elementor-column elementor-col-100 elementor-top-column elementor-element elementor-element-76e28ee\" data-id=\"76e28ee\" data-element_type=\"column\" data-e-type=\"column\">\n\t\t\t<div class=\"elementor-widget-wrap elementor-element-populated\">\n\t\t\t\t\t\t<div class=\"elementor-element elementor-element-1a56216 elementor-widget elementor-widget-heading\" data-id=\"1a56216\" data-element_type=\"widget\" data-e-type=\"widget\" data-widget_type=\"heading.default\">\n\t\t\t\t<div class=\"elementor-widget-container\">\n\t\t\t\t\t<h2 class=\"elementor-heading-title elementor-size-default\">Corporate publications<\/h2>\t\t\t\t<\/div>\n\t\t\t\t<\/div>\n\t\t\t\t\t<\/div>\n\t\t<\/div>\n\t\t\t\t\t<\/div>\n\t\t<\/section>\n\t\t\t\t<section class=\"elementor-section elementor-top-section elementor-element elementor-element-f00ae67 elementor-section-boxed elementor-section-height-default elementor-section-height-default\" data-id=\"f00ae67\" data-element_type=\"section\" data-e-type=\"section\">\n\t\t\t\t\t\t<div class=\"elementor-container elementor-column-gap-default\">\n\t\t\t\t\t<div class=\"elementor-column elementor-col-100 elementor-top-column elementor-element elementor-element-c9e4596\" data-id=\"c9e4596\" data-element_type=\"column\" data-e-type=\"column\">\n\t\t\t<div class=\"elementor-widget-wrap elementor-element-populated\">\n\t\t\t\t\t\t<div class=\"elementor-element elementor-element-1a57f65 elementor-grid-1 elementor-grid-tablet-2 elementor-grid-mobile-1 elementor-widget elementor-widget-Publliste\" data-id=\"1a57f65\" data-element_type=\"widget\" data-e-type=\"widget\" data-settings=\"{&quot;columns&quot;:&quot;1&quot;,&quot;columns_tablet&quot;:&quot;2&quot;,&quot;columns_mobile&quot;:&quot;1&quot;,&quot;row_gap&quot;:{&quot;unit&quot;:&quot;px&quot;,&quot;size&quot;:35,&quot;sizes&quot;:[]},&quot;row_gap_tablet&quot;:{&quot;unit&quot;:&quot;px&quot;,&quot;size&quot;:&quot;&quot;,&quot;sizes&quot;:[]},&quot;row_gap_mobile&quot;:{&quot;unit&quot;:&quot;px&quot;,&quot;size&quot;:&quot;&quot;,&quot;sizes&quot;:[]}}\" data-widget_type=\"Publliste.default\">\n\t\t\t\t<div class=\"elementor-widget-container\">\n\t\t\t\t\t\t\t\t\t\t<div class=\"div-grid\">\n\t\t\t\t\n\n\t\t\t\t\t\t\t\t\t<article class=\"wc-pubs elementor-post elementor-grid-item post-1077 publication type-publication status-publish has-post-thumbnail hentry\">\n\t\t\t\t\n\n\t\t\t\t\t<div class=\"elementor-post__thumbnail__pub _elementor-post__thumbnail\"><img loading=\"lazy\" decoding=\"async\" width=\"98\" height=\"130\" src=\"https:\/\/www.stereau.com\/wp-content\/uploads\/2024\/05\/integrated_report_2023_saur_group-98x130.png\" class=\"attachment-thumb-publication size-thumb-publication wp-post-image\" alt=\"\" srcset=\"https:\/\/www.stereau.com\/wp-content\/uploads\/2024\/05\/integrated_report_2023_saur_group-98x130.png 98w, https:\/\/www.stereau.com\/wp-content\/uploads\/2024\/05\/integrated_report_2023_saur_group-226x300.png 226w, https:\/\/www.stereau.com\/wp-content\/uploads\/2024\/05\/integrated_report_2023_saur_group-380x505.png 380w, https:\/\/www.stereau.com\/wp-content\/uploads\/2024\/05\/integrated_report_2023_saur_group.png 542w\" sizes=\"(max-width: 98px) 100vw, 98px\" \/><\/div>\n\t\t\t\t\t\n\t\t\t\t\t<div class=\"elementor-post__text\">\n\t\t\t\t\t\t<h3 class=\"elementor-post__title\" style=\"margin-bottom: 15px;\">\n\t\t\t\t\t\t\tIntegrated Report 2023\t\t\t\t\t\t<\/h3>\n\t\t\t\t\t\t\t\n\t\t\t\t\t\t<div class=\"post-btns\">\n\t\t\t\t\t\t\t\t\t\t\t\t\t<a target=\"_blank\" href=\"https:\/\/dnr54354splcz.cloudfront.net\/publications\/Saur-RI2023_EN-014-Web.pdf\" class=\"btn-icon\" style=\"text-transform: uppercase;\">Download <i class=\"fa fa-file-pdf\"><\/i><\/a>\n\t\t\t\t\t\t\t\t\t\t\t\t\t<\/div>\n\n\t\t\t\t\t<\/div>\n\t\t\t\t<\/article>\n\t\t\t\t\n\n\t\t\t\t\t\t\t\t\t<article class=\"wc-pubs elementor-post elementor-grid-item post-1077 publication type-publication status-publish has-post-thumbnail hentry\">\n\t\t\t\t\n\n\t\t\t\t\t<div class=\"elementor-post__thumbnail__pub _elementor-post__thumbnail\"><img loading=\"lazy\" decoding=\"async\" width=\"98\" height=\"130\" src=\"https:\/\/www.stereau.com\/wp-content\/uploads\/2024\/03\/couv_brochure_stereau_en-98x130.png\" class=\"attachment-thumb-publication size-thumb-publication wp-post-image\" alt=\"\" \/><\/div>\n\t\t\t\t\t\n\t\t\t\t\t<div class=\"elementor-post__text\">\n\t\t\t\t\t\t<h3 class=\"elementor-post__title\" style=\"margin-bottom: 15px;\">\n\t\t\t\t\t\t\tStereau Brochure\t\t\t\t\t\t<\/h3>\n\t\t\t\t\t\t\t\n\t\t\t\t\t\t<div class=\"post-btns\">\n\t\t\t\t\t\t\t\t\t\t\t\t\t<a target=\"_blank\" href=\"https:\/\/www.stereau.com\/wp-content\/uploads\/2025\/09\/stereau_brochure_vdef_en.pdf\" class=\"btn-icon\" style=\"text-transform: uppercase;\">Download <i class=\"fa fa-file-pdf\"><\/i><\/a>\n\t\t\t\t\t\t\t\t\t\t\t\t\t<\/div>\n\n\t\t\t\t\t<\/div>\n\t\t\t\t<\/article>\n\t\t\t\t\n\n\t\t\t\t\t\t\t\t\t<article class=\"wc-pubs elementor-post elementor-grid-item post-1077 publication type-publication status-publish has-post-thumbnail hentry\">\n\t\t\t\t\n\n\t\t\t\t\t<div class=\"elementor-post__thumbnail__pub _elementor-post__thumbnail\"><img loading=\"lazy\" decoding=\"async\" width=\"98\" height=\"130\" src=\"https:\/\/www.stereau.com\/wp-content\/uploads\/2023\/05\/ri_2022-98x130.png\" class=\"attachment-thumb-publication size-thumb-publication wp-post-image\" alt=\"Integrated report 2022 of the Saur group\" srcset=\"https:\/\/www.stereau.com\/wp-content\/uploads\/2023\/05\/ri_2022-98x130.png 98w, https:\/\/www.stereau.com\/wp-content\/uploads\/2023\/05\/ri_2022-228x300.png 228w, https:\/\/www.stereau.com\/wp-content\/uploads\/2023\/05\/ri_2022-780x1024.png 780w, https:\/\/www.stereau.com\/wp-content\/uploads\/2023\/05\/ri_2022-768x1009.png 768w, https:\/\/www.stereau.com\/wp-content\/uploads\/2023\/05\/ri_2022-1170x1536.png 1170w, https:\/\/www.stereau.com\/wp-content\/uploads\/2023\/05\/ri_2022-380x499.png 380w, https:\/\/www.stereau.com\/wp-content\/uploads\/2023\/05\/ri_2022.png 1200w\" sizes=\"(max-width: 98px) 100vw, 98px\" \/><\/div>\n\t\t\t\t\t\n\t\t\t\t\t<div class=\"elementor-post__text\">\n\t\t\t\t\t\t<h3 class=\"elementor-post__title\" style=\"margin-bottom: 15px;\">\n\t\t\t\t\t\t\tIntegrated Report 2022\t\t\t\t\t\t<\/h3>\n\t\t\t\t\t\t\t\n\t\t\t\t\t\t<div class=\"post-btns\">\n\t\t\t\t\t\t\t\t\t\t\t\t\t<a target=\"_blank\" href=\"https:\/\/dnr54354splcz.cloudfront.net\/publications\/Groupe-Saur_Rapport-Int%C3%A9gr%C3%A9-2022_VF_2023-05-05-125728_iwte.pdf\" class=\"btn-icon\" style=\"text-transform: uppercase;\">Download <i class=\"fa fa-file-pdf\"><\/i><\/a>\n\t\t\t\t\t\t\t\t\t\t\t\t\t<\/div>\n\n\t\t\t\t\t<\/div>\n\t\t\t\t<\/article>\n\t\t\t\t\n\n\t\t\t\t\t\t\t\t\t<article class=\"wc-pubs elementor-post elementor-grid-item post-1077 publication type-publication status-publish has-post-thumbnail hentry\">\n\t\t\t\t\n\n\t\t\t\t\t<div class=\"elementor-post__thumbnail__pub _elementor-post__thumbnail\"><img loading=\"lazy\" decoding=\"async\" width=\"98\" height=\"130\" src=\"https:\/\/www.stereau.com\/wp-content\/uploads\/2023\/03\/ri2021-98x130.jpg\" class=\"attachment-thumb-publication size-thumb-publication wp-post-image\" alt=\"Saur Group&#039;s 2021 integrated report\" \/><\/div>\n\t\t\t\t\t\n\t\t\t\t\t<div class=\"elementor-post__text\">\n\t\t\t\t\t\t<h3 class=\"elementor-post__title\" style=\"margin-bottom: 15px;\">\n\t\t\t\t\t\t\tIntegrated Report 2021\t\t\t\t\t\t<\/h3>\n\t\t\t\t\t\t\t\n\t\t\t\t\t\t<div class=\"post-btns\">\n\t\t\t\t\t\t\t\t\t\t\t\t\t<a target=\"_blank\" href=\"https:\/\/dnr54354splcz.cloudfront.net\/publications\/SAUR_RI_2021_FR_BD.pdf\" class=\"btn-icon\" style=\"text-transform: uppercase;\">Download <i class=\"fa fa-file-pdf\"><\/i><\/a>\n\t\t\t\t\t\t\t\t\t\t\t\t\t<\/div>\n\n\t\t\t\t\t<\/div>\n\t\t\t\t<\/article>\n\t\t\t\t\t\t<\/div>\n\t\t\t\t\t\t\t<\/div>\n\t\t\t\t<\/div>\n\t\t\t\t\t<\/div>\n\t\t<\/div>\n\t\t\t\t\t<\/div>\n\t\t<\/section>\n\t\t\t\t<\/div>\n\t\t","protected":false},"excerpt":{"rendered":"<p>Publications In the spotlight Integrated Report 2024 T\u00e9l\u00e9charger Corporate publications Integrated Report 2023 T\u00e9l\u00e9charger Stereau Brochure T\u00e9l\u00e9charger Integrated Report 2022 T\u00e9l\u00e9charger Integrated Report 2021 T\u00e9l\u00e9charger<\/p>\n","protected":false},"author":2,"featured_media":0,"parent":6185,"menu_order":0,"comment_status":"closed","ping_status":"closed","template":"","meta":{"_acf_changed":false,"_seopress_robots_primary_cat":"","_seopress_titles_title":"Stereau - Our latest publications","_seopress_titles_desc":"All publications from Stereau (Saur Group Engineering), which specialises in the design and construction of water treatment facilities.","_seopress_robots_index":"","inline_featured_image":false,"site-sidebar-layout":"no-sidebar","site-content-layout":"page-builder","ast-site-content-layout":"default","site-content-style":"default","site-sidebar-style":"default","ast-global-header-display":"","ast-banner-title-visibility":"","ast-main-header-display":"","ast-hfb-above-header-display":"","ast-hfb-below-header-display":"","ast-hfb-mobile-header-display":"","site-post-title":"disabled","ast-breadcrumbs-content":"","ast-featured-img":"disabled","footer-sml-layout":"","ast-disable-related-posts":"","theme-transparent-header-meta":"default","adv-header-id-meta":"","stick-header-meta":"","header-above-stick-meta":"","header-main-stick-meta":"","header-below-stick-meta":"","astra-migrate-meta-layouts":"default","ast-page-background-enabled":"default","ast-page-background-meta":{"desktop":{"background-color":"var(--ast-global-color-4)","background-image":"","background-repeat":"repeat","background-position":"center center","background-size":"auto","background-attachment":"scroll","background-type":"","background-media":"","overlay-type":"","overlay-color":"","overlay-opacity":"","overlay-gradient":""},"tablet":{"background-color":"","background-image":"","background-repeat":"repeat","background-position":"center center","background-size":"auto","background-attachment":"scroll","background-type":"","background-media":"","overlay-type":"","overlay-color":"","overlay-opacity":"","overlay-gradient":""},"mobile":{"background-color":"","background-image":"","background-repeat":"repeat","background-position":"center center","background-size":"auto","background-attachment":"scroll","background-type":"","background-media":"","overlay-type":"","overlay-color":"","overlay-opacity":"","overlay-gradient":""}},"ast-content-background-meta":{"desktop":{"background-color":"var(--ast-global-color-5)","background-image":"","background-repeat":"repeat","background-position":"center center","background-size":"auto","background-attachment":"scroll","background-type":"","background-media":"","overlay-type":"","overlay-color":"","overlay-opacity":"","overlay-gradient":""},"tablet":{"background-color":"var(--ast-global-color-5)","background-image":"","background-repeat":"repeat","background-position":"center center","background-size":"auto","background-attachment":"scroll","background-type":"","background-media":"","overlay-type":"","overlay-color":"","overlay-opacity":"","overlay-gradient":""},"mobile":{"background-color":"var(--ast-global-color-5)","background-image":"","background-repeat":"repeat","background-position":"center center","background-size":"auto","background-attachment":"scroll","background-type":"","background-media":"","overlay-type":"","overlay-color":"","overlay-opacity":"","overlay-gradient":""}},"footnotes":""},"class_list":["post-6295","page","type-page","status-publish","hentry"],"acf":[],"_links":{"self":[{"href":"https:\/\/www.stereau.com\/en\/wp-json\/wp\/v2\/pages\/6295","targetHints":{"allow":["GET"]}}],"collection":[{"href":"https:\/\/www.stereau.com\/en\/wp-json\/wp\/v2\/pages"}],"about":[{"href":"https:\/\/www.stereau.com\/en\/wp-json\/wp\/v2\/types\/page"}],"author":[{"embeddable":true,"href":"https:\/\/www.stereau.com\/en\/wp-json\/wp\/v2\/users\/2"}],"replies":[{"embeddable":true,"href":"https:\/\/www.stereau.com\/en\/wp-json\/wp\/v2\/comments?post=6295"}],"version-history":[{"count":22,"href":"https:\/\/www.stereau.com\/en\/wp-json\/wp\/v2\/pages\/6295\/revisions"}],"predecessor-version":[{"id":9488,"href":"https:\/\/www.stereau.com\/en\/wp-json\/wp\/v2\/pages\/6295\/revisions\/9488"}],"up":[{"embeddable":true,"href":"https:\/\/www.stereau.com\/en\/wp-json\/wp\/v2\/pages\/6185"}],"wp:attachment":[{"href":"https:\/\/www.stereau.com\/en\/wp-json\/wp\/v2\/media?parent=6295"}],"curies":[{"name":"wp","href":"https:\/\/api.w.org\/{rel}","templated":true}]}}