{"id":6192,"date":"2023-03-06T09:51:36","date_gmt":"2023-03-06T09:51:36","guid":{"rendered":"https:\/\/stereau.tpdev.net\/media-2\/news\/"},"modified":"2023-11-15T12:30:15","modified_gmt":"2023-11-15T12:30:15","slug":"news","status":"publish","type":"page","link":"https:\/\/www.stereau.com\/en\/media\/news\/","title":{"rendered":"News"},"content":{"rendered":"\t\t<div data-elementor-type=\"wp-page\" data-elementor-id=\"6192\" class=\"elementor elementor-6192 elementor-1097\" data-elementor-post-type=\"page\">\n\t\t\t\t\t\t<section class=\"elementor-section elementor-top-section elementor-element elementor-element-3e5ef234 elementor-section-height-min-height elementor-section-content-middle elementor-section-boxed elementor-section-height-default elementor-section-items-middle\" data-id=\"3e5ef234\" data-element_type=\"section\" data-e-type=\"section\">\n\t\t\t\t\t\t\t<div class=\"elementor-background-overlay\"><\/div>\n\t\t\t\t\t\t\t<div class=\"elementor-container elementor-column-gap-no\">\n\t\t\t\t\t<div class=\"elementor-column elementor-col-100 elementor-top-column elementor-element elementor-element-45a0a691\" data-id=\"45a0a691\" data-element_type=\"column\" data-e-type=\"column\" data-settings=\"{&quot;background_background&quot;:&quot;classic&quot;}\">\n\t\t\t<div class=\"elementor-widget-wrap elementor-element-populated\">\n\t\t\t\t\t<div class=\"elementor-background-overlay\"><\/div>\n\t\t\t\t\t\t<section class=\"elementor-section elementor-inner-section elementor-element elementor-element-63b7b7b5 elementor-section-boxed elementor-section-height-default elementor-section-height-default\" data-id=\"63b7b7b5\" data-element_type=\"section\" data-e-type=\"section\">\n\t\t\t\t\t\t\t<div class=\"elementor-background-overlay\"><\/div>\n\t\t\t\t\t\t\t<div class=\"elementor-container elementor-column-gap-wide\">\n\t\t\t\t\t<div class=\"elementor-column elementor-col-16 elementor-inner-column elementor-element elementor-element-392632b\" data-id=\"392632b\" data-element_type=\"column\" data-e-type=\"column\">\n\t\t\t<div class=\"elementor-widget-wrap elementor-element-populated\">\n\t\t\t\t\t\t<div class=\"elementor-element elementor-element-345c80fc e-transform elementor-widget elementor-widget-image\" data-id=\"345c80fc\" data-element_type=\"widget\" data-e-type=\"widget\" data-settings=\"{&quot;_transform_scale_effect_hover&quot;:{&quot;unit&quot;:&quot;px&quot;,&quot;size&quot;:&quot;&quot;,&quot;sizes&quot;:[]},&quot;_transform_scale_effect_hover_tablet&quot;:{&quot;unit&quot;:&quot;px&quot;,&quot;size&quot;:&quot;&quot;,&quot;sizes&quot;:[]},&quot;_transform_scale_effect_hover_mobile&quot;:{&quot;unit&quot;:&quot;px&quot;,&quot;size&quot;:&quot;&quot;,&quot;sizes&quot;:[]}}\" data-widget_type=\"image.default\">\n\t\t\t\t<div class=\"elementor-widget-container\">\n\t\t\t\t\t\t\t\t\t\t\t\t\t\t\t<img decoding=\"async\" width=\"50\" height=\"200\" src=\"https:\/\/www.stereau.com\/wp-content\/uploads\/2023\/02\/parenthese-G-200.svg\" class=\"attachment-full size-full wp-image-5720\" alt=\"\" \/>\t\t\t\t\t\t\t\t\t\t\t\t\t\t\t<\/div>\n\t\t\t\t<\/div>\n\t\t\t\t\t<\/div>\n\t\t<\/div>\n\t\t\t\t<div class=\"elementor-column elementor-col-66 elementor-inner-column elementor-element elementor-element-139593e8\" data-id=\"139593e8\" data-element_type=\"column\" data-e-type=\"column\">\n\t\t\t<div class=\"elementor-widget-wrap elementor-element-populated\">\n\t\t\t\t\t\t<div class=\"elementor-element elementor-element-14cf2100 elementor-widget elementor-widget-heading\" data-id=\"14cf2100\" data-element_type=\"widget\" data-e-type=\"widget\" data-widget_type=\"heading.default\">\n\t\t\t\t<div class=\"elementor-widget-container\">\n\t\t\t\t\t<h1 class=\"elementor-heading-title elementor-size-default\">News<\/h1>\t\t\t\t<\/div>\n\t\t\t\t<\/div>\n\t\t\t\t\t<\/div>\n\t\t<\/div>\n\t\t\t\t<div class=\"elementor-column elementor-col-16 elementor-inner-column elementor-element elementor-element-479f190c bandeau-col-3\" data-id=\"479f190c\" data-element_type=\"column\" data-e-type=\"column\">\n\t\t\t<div class=\"elementor-widget-wrap elementor-element-populated\">\n\t\t\t\t\t\t<div class=\"elementor-element elementor-element-44d3db90 elementor-widget elementor-widget-image\" data-id=\"44d3db90\" data-element_type=\"widget\" data-e-type=\"widget\" data-widget_type=\"image.default\">\n\t\t\t\t<div class=\"elementor-widget-container\">\n\t\t\t\t\t\t\t\t\t\t\t\t\t\t\t<img decoding=\"async\" width=\"50\" height=\"200\" src=\"https:\/\/www.stereau.com\/wp-content\/uploads\/2023\/02\/parenthese-D-200.svg\" class=\"attachment-full size-full wp-image-5719\" alt=\"\" \/>\t\t\t\t\t\t\t\t\t\t\t\t\t\t\t<\/div>\n\t\t\t\t<\/div>\n\t\t\t\t\t<\/div>\n\t\t<\/div>\n\t\t\t\t\t<\/div>\n\t\t<\/section>\n\t\t\t\t\t<\/div>\n\t\t<\/div>\n\t\t\t\t\t<\/div>\n\t\t<\/section>\n\t\t\t\t<section class=\"elementor-section elementor-top-section elementor-element elementor-element-1727e61e elementor-section-boxed elementor-section-height-default elementor-section-height-default\" data-id=\"1727e61e\" data-element_type=\"section\" data-e-type=\"section\">\n\t\t\t\t\t\t<div class=\"elementor-container elementor-column-gap-default\">\n\t\t\t\t\t<div class=\"elementor-column elementor-col-100 elementor-top-column elementor-element elementor-element-6a3b90d8\" data-id=\"6a3b90d8\" data-element_type=\"column\" data-e-type=\"column\">\n\t\t\t<div class=\"elementor-widget-wrap elementor-element-populated\">\n\t\t\t\t\t\t<div class=\"elementor-element elementor-element-55542ba elementor-grid-3 elementor-grid-tablet-2 elementor-grid-mobile-1 elementor-widget elementor-widget-realisations\" data-id=\"55542ba\" data-element_type=\"widget\" data-e-type=\"widget\" data-settings=\"{&quot;columns&quot;:&quot;3&quot;,&quot;columns_tablet&quot;:&quot;2&quot;,&quot;columns_mobile&quot;:&quot;1&quot;,&quot;row_gap&quot;:{&quot;unit&quot;:&quot;px&quot;,&quot;size&quot;:35,&quot;sizes&quot;:[]},&quot;row_gap_tablet&quot;:{&quot;unit&quot;:&quot;px&quot;,&quot;size&quot;:&quot;&quot;,&quot;sizes&quot;:[]},&quot;row_gap_mobile&quot;:{&quot;unit&quot;:&quot;px&quot;,&quot;size&quot;:&quot;&quot;,&quot;sizes&quot;:[]}}\" data-widget_type=\"realisations.default\">\n\t\t\t\t<div class=\"elementor-widget-container\">\n\t\t\t\t\t\t\t<div class=\"elementor-posts-container elementor-posts elementor-posts--skin-classic elementor-grid elementor-has-item-ratio\">\n\t\t\t\t\t<article class=\"elementor-post elementor-grid-item post-9347 post type-post status-publish format-standard has-post-thumbnail hentry category-ecological-transition\">\n\n\n\t\t\t\t\t\t\t\t\t<a class=\"elementor-post__thumbnail__link\" href=\"https:\/\/www.stereau.com\/en\/?post_type=post&p=9347\">\n\t\t\t\t\t\t<div class=\"_elementor-post__thumbnail wc_thumbnail\">\n\t\t\t\t\t\t<img fetchpriority=\"high\" decoding=\"async\" width=\"2560\" height=\"1244\" src=\"https:\/\/www.stereau.com\/wp-content\/uploads\/2025\/05\/station-depuration-de-douda-djibouti-stereau-scaled.jpg\" class=\"attachment-post-thumbnail size-post-thumbnail wp-post-image\" alt=\"\u00e9puration des eaux us\u00e9es Douda (Djibouti)\" srcset=\"https:\/\/www.stereau.com\/wp-content\/uploads\/2025\/05\/station-depuration-de-douda-djibouti-stereau-scaled.jpg 2560w, https:\/\/www.stereau.com\/wp-content\/uploads\/2025\/05\/station-depuration-de-douda-djibouti-stereau-300x146.jpg 300w, https:\/\/www.stereau.com\/wp-content\/uploads\/2025\/05\/station-depuration-de-douda-djibouti-stereau-1024x498.jpg 1024w, https:\/\/www.stereau.com\/wp-content\/uploads\/2025\/05\/station-depuration-de-douda-djibouti-stereau-768x373.jpg 768w, https:\/\/www.stereau.com\/wp-content\/uploads\/2025\/05\/station-depuration-de-douda-djibouti-stereau-1536x747.jpg 1536w, https:\/\/www.stereau.com\/wp-content\/uploads\/2025\/05\/station-depuration-de-douda-djibouti-stereau-2048x996.jpg 2048w, https:\/\/www.stereau.com\/wp-content\/uploads\/2025\/05\/station-depuration-de-douda-djibouti-stereau-380x185.jpg 380w\" sizes=\"(max-width: 2560px) 100vw, 2560px\" \/>\t\t\t\t\t\t\t\t\t\t\t\t<\/div>\n\t\t\t\t\t<\/a>\n\t\t\t\t \n\n\n\n\n\t\t\t\t<div class=\"_elementor-post__text\">\n\t\t\t\t\t<div class=\"elementor-post__meta-data\">\n\t\t\t\t\t\t \n\t\t\t\t\t\t \n\t\t\t\t\t\t\t\t\t\t\t\t\t<span>May 15, 2025<\/span>\n\t\t\t\t\t\t\t\t\t\t\t<\/div>\n\t\t\t\t\t<h3>\n\t\t\t\t\t\t\t\t\t\t\t<a href=\"https:\/\/www.stereau.com\/en\/?post_type=post&p=9347\">Successful wastewater inflow commissioning in Djibouti<\/a>\n\t\t\t\t\t \n\t\t\t\t\t<\/h3>\n\t\t\t\t\t\t\t\t\t\t\t\t\t\t\t<div class=\"post-btns\">\n\t\t\t\t\t\t\t\t\t\t<\/div>\n\t\t\t\t<\/div>\n\n\t\t\t<\/article>\n\t\t\t\t\t\t<article class=\"elementor-post elementor-grid-item post-9216 post type-post status-publish format-standard has-post-thumbnail hentry category-live-from-our-construction-sites\">\n\n\n\t\t\t\t\t\t\t\t\t<a class=\"elementor-post__thumbnail__link\" href=\"https:\/\/www.stereau.com\/en\/?post_type=post&p=9216\">\n\t\t\t\t\t\t<div class=\"_elementor-post__thumbnail wc_thumbnail\">\n\t\t\t\t\t\t<img loading=\"lazy\" decoding=\"async\" width=\"1020\" height=\"680\" src=\"https:\/\/www.stereau.com\/wp-content\/uploads\/2025\/02\/premiere-pierre-pont-ar-bled_1.webp\" class=\"attachment-post-thumbnail size-post-thumbnail wp-post-image\" alt=\"Le chantier de l&#039;usine d&#039;eau potable de Brest Pont Ar Bled d\u00e9marre\" srcset=\"https:\/\/www.stereau.com\/wp-content\/uploads\/2025\/02\/premiere-pierre-pont-ar-bled_1.webp 1020w, https:\/\/www.stereau.com\/wp-content\/uploads\/2025\/02\/premiere-pierre-pont-ar-bled_1-300x200.webp 300w, https:\/\/www.stereau.com\/wp-content\/uploads\/2025\/02\/premiere-pierre-pont-ar-bled_1-768x512.webp 768w, https:\/\/www.stereau.com\/wp-content\/uploads\/2025\/02\/premiere-pierre-pont-ar-bled_1-380x253.webp 380w\" sizes=\"(max-width: 1020px) 100vw, 1020px\" \/>\t\t\t\t\t\t\t\t\t\t\t\t<\/div>\n\t\t\t\t\t<\/a>\n\t\t\t\t \n\n\n\n\n\t\t\t\t<div class=\"_elementor-post__text\">\n\t\t\t\t\t<div class=\"elementor-post__meta-data\">\n\t\t\t\t\t\t \n\t\t\t\t\t\t \n\t\t\t\t\t\t\t\t\t\t\t\t\t<span>February 26, 2025<\/span>\n\t\t\t\t\t\t\t\t\t\t\t<\/div>\n\t\t\t\t\t<h3>\n\t\t\t\t\t\t\t\t\t\t\t<a href=\"https:\/\/www.stereau.com\/en\/?post_type=post&p=9216\">Pont Ar Bled plant: a major water project for North Finist\u00e8re gets underway<\/a>\n\t\t\t\t\t \n\t\t\t\t\t<\/h3>\n\t\t\t\t\t\t\t\t\t\t\t\t\t\t\t<div class=\"post-btns\">\n\t\t\t\t\t\t\t\t\t\t<\/div>\n\t\t\t\t<\/div>\n\n\t\t\t<\/article>\n\t\t\t\t\t\t<article class=\"elementor-post elementor-grid-item post-9048 post type-post status-publish format-standard has-post-thumbnail hentry category-access-to-water\">\n\n\n\t\t\t\t\t\t\t\t\t<a class=\"elementor-post__thumbnail__link\" href=\"https:\/\/www.stereau.com\/en\/?post_type=post&p=9048\">\n\t\t\t\t\t\t<div class=\"_elementor-post__thumbnail wc_thumbnail\">\n\t\t\t\t\t\t<img loading=\"lazy\" decoding=\"async\" width=\"2560\" height=\"1920\" src=\"https:\/\/www.stereau.com\/wp-content\/uploads\/2025\/01\/img_20241128_150628-e1735916480167.jpg\" class=\"attachment-post-thumbnail size-post-thumbnail wp-post-image\" alt=\"Station de forage, Mayotte, Combani\" \/>\t\t\t\t\t\t\t\t\t\t\t\t<\/div>\n\t\t\t\t\t<\/a>\n\t\t\t\t \n\n\n\n\n\t\t\t\t<div class=\"_elementor-post__text\">\n\t\t\t\t\t<div class=\"elementor-post__meta-data\">\n\t\t\t\t\t\t \n\t\t\t\t\t\t \n\t\t\t\t\t\t\t\t\t\t\t\t\t<span>January 3, 2025<\/span>\n\t\t\t\t\t\t\t\t\t\t\t<\/div>\n\t\t\t\t\t<h3>\n\t\t\t\t\t\t\t\t\t\t\t<a href=\"https:\/\/www.stereau.com\/en\/?post_type=post&p=9048\">Combani borehole back in service after Cyclone Chido<\/a>\n\t\t\t\t\t \n\t\t\t\t\t<\/h3>\n\t\t\t\t\t\t\t\t\t\t\t\t\t\t\t<div class=\"post-btns\">\n\t\t\t\t\t\t\t\t\t\t<\/div>\n\t\t\t\t<\/div>\n\n\t\t\t<\/article>\n\t\t\t\t\t\t<article class=\"elementor-post elementor-grid-item post-8950 post type-post status-publish format-standard has-post-thumbnail hentry category-non-classifiee\">\n\n\n\t\t\t\t\t\t\t\t\t<a class=\"elementor-post__thumbnail__link\" href=\"https:\/\/www.stereau.com\/en\/?post_type=post&p=8950\">\n\t\t\t\t\t\t<div class=\"_elementor-post__thumbnail wc_thumbnail\">\n\t\t\t\t\t\t<img loading=\"lazy\" decoding=\"async\" width=\"2560\" height=\"1707\" src=\"https:\/\/www.stereau.com\/wp-content\/uploads\/2024\/11\/shutterstock_2472309241-2-scaled.jpg\" class=\"attachment-post-thumbnail size-post-thumbnail wp-post-image\" alt=\"Eaurope eaux us\u00e9es - r\u00e9glementation - traitement des eaux us\u00e9es\" srcset=\"https:\/\/www.stereau.com\/wp-content\/uploads\/2024\/11\/shutterstock_2472309241-2-scaled.jpg 2560w, https:\/\/www.stereau.com\/wp-content\/uploads\/2024\/11\/shutterstock_2472309241-2-300x200.jpg 300w, https:\/\/www.stereau.com\/wp-content\/uploads\/2024\/11\/shutterstock_2472309241-2-1024x683.jpg 1024w, https:\/\/www.stereau.com\/wp-content\/uploads\/2024\/11\/shutterstock_2472309241-2-768x512.jpg 768w, https:\/\/www.stereau.com\/wp-content\/uploads\/2024\/11\/shutterstock_2472309241-2-1536x1024.jpg 1536w, https:\/\/www.stereau.com\/wp-content\/uploads\/2024\/11\/shutterstock_2472309241-2-2048x1365.jpg 2048w, https:\/\/www.stereau.com\/wp-content\/uploads\/2024\/11\/shutterstock_2472309241-2-380x253.jpg 380w\" sizes=\"(max-width: 2560px) 100vw, 2560px\" \/>\t\t\t\t\t\t\t\t\t\t\t\t<\/div>\n\t\t\t\t\t<\/a>\n\t\t\t\t \n\n\n\n\n\t\t\t\t<div class=\"_elementor-post__text\">\n\t\t\t\t\t<div class=\"elementor-post__meta-data\">\n\t\t\t\t\t\t \n\t\t\t\t\t\t \n\t\t\t\t\t\t\t\t\t\t\t\t\t<span>November 18, 2024<\/span>\n\t\t\t\t\t\t\t\t\t\t\t<\/div>\n\t\t\t\t\t<h3>\n\t\t\t\t\t\t\t\t\t\t\t<a href=\"https:\/\/www.stereau.com\/en\/?post_type=post&p=8950\">New DERU: challenges and solutions<\/a>\n\t\t\t\t\t \n\t\t\t\t\t<\/h3>\n\t\t\t\t\t\t\t\t\t\t\t\t\t\t\t<div class=\"post-btns\">\n\t\t\t\t\t\t\t\t\t\t<\/div>\n\t\t\t\t<\/div>\n\n\t\t\t<\/article>\n\t\t\t\t\t\t<article class=\"elementor-post elementor-grid-item post-8946 post type-post status-publish format-standard has-post-thumbnail hentry category-event\">\n\n\n\t\t\t\t\t\t\t\t\t<a class=\"elementor-post__thumbnail__link\" href=\"https:\/\/www.stereau.com\/en\/?post_type=post&p=8946\">\n\t\t\t\t\t\t<div class=\"_elementor-post__thumbnail wc_thumbnail\">\n\t\t\t\t\t\t<img loading=\"lazy\" decoding=\"async\" width=\"2048\" height=\"1365\" src=\"https:\/\/www.stereau.com\/wp-content\/uploads\/2024\/10\/inauguration_utep_saint-brieuc_2024.jpg\" class=\"attachment-post-thumbnail size-post-thumbnail wp-post-image\" alt=\"Inauguration of the Saint-Brieuc (C\u00f4tes-d&#039;Armor) Drinking Water Plant\" srcset=\"https:\/\/www.stereau.com\/wp-content\/uploads\/2024\/10\/inauguration_utep_saint-brieuc_2024.jpg 2048w, https:\/\/www.stereau.com\/wp-content\/uploads\/2024\/10\/inauguration_utep_saint-brieuc_2024-300x200.jpg 300w, https:\/\/www.stereau.com\/wp-content\/uploads\/2024\/10\/inauguration_utep_saint-brieuc_2024-1024x683.jpg 1024w, https:\/\/www.stereau.com\/wp-content\/uploads\/2024\/10\/inauguration_utep_saint-brieuc_2024-768x512.jpg 768w, https:\/\/www.stereau.com\/wp-content\/uploads\/2024\/10\/inauguration_utep_saint-brieuc_2024-1536x1024.jpg 1536w, https:\/\/www.stereau.com\/wp-content\/uploads\/2024\/10\/inauguration_utep_saint-brieuc_2024-380x253.jpg 380w\" sizes=\"(max-width: 2048px) 100vw, 2048px\" \/>\t\t\t\t\t\t\t\t\t\t\t\t<\/div>\n\t\t\t\t\t<\/a>\n\t\t\t\t \n\n\n\n\n\t\t\t\t<div class=\"_elementor-post__text\">\n\t\t\t\t\t<div class=\"elementor-post__meta-data\">\n\t\t\t\t\t\t \n\t\t\t\t\t\t \n\t\t\t\t\t\t\t\t\t\t\t\t\t<span>November 18, 2024<\/span>\n\t\t\t\t\t\t\t\t\t\t\t<\/div>\n\t\t\t\t\t<h3>\n\t\t\t\t\t\t\t\t\t\t\t<a href=\"https:\/\/www.stereau.com\/en\/?post_type=post&p=8946\">Stereau inaugurates the Saint-Brieuc drinking water plant<\/a>\n\t\t\t\t\t \n\t\t\t\t\t<\/h3>\n\t\t\t\t\t\t\t\t\t\t\t\t\t\t\t<div class=\"post-btns\">\n\t\t\t\t\t\t\t\t\t\t<\/div>\n\t\t\t\t<\/div>\n\n\t\t\t<\/article>\n\t\t\t\t\t\t<article class=\"elementor-post elementor-grid-item post-8338 post type-post status-publish format-standard has-post-thumbnail hentry category-ecological-transition\">\n\n\n\t\t\t\t\t\t\t\t\t<a class=\"elementor-post__thumbnail__link\" href=\"https:\/\/www.stereau.com\/en\/?post_type=post&p=8338\">\n\t\t\t\t\t\t<div class=\"_elementor-post__thumbnail wc_thumbnail\">\n\t\t\t\t\t\t<img loading=\"lazy\" decoding=\"async\" width=\"1685\" height=\"855\" src=\"https:\/\/www.stereau.com\/wp-content\/uploads\/2024\/03\/sede_suisse.png\" class=\"attachment-post-thumbnail size-post-thumbnail wp-post-image\" alt=\"Stereau Suisse - Usine du SEDE  - Del\u00e9mont Suisse - traitement des micropolluants dans les eaux us\u00e9es\" srcset=\"https:\/\/www.stereau.com\/wp-content\/uploads\/2024\/03\/sede_suisse.png 1685w, https:\/\/www.stereau.com\/wp-content\/uploads\/2024\/03\/sede_suisse-300x152.png 300w, https:\/\/www.stereau.com\/wp-content\/uploads\/2024\/03\/sede_suisse-1024x520.png 1024w, https:\/\/www.stereau.com\/wp-content\/uploads\/2024\/03\/sede_suisse-768x390.png 768w, https:\/\/www.stereau.com\/wp-content\/uploads\/2024\/03\/sede_suisse-1536x779.png 1536w, https:\/\/www.stereau.com\/wp-content\/uploads\/2024\/03\/sede_suisse-380x193.png 380w\" sizes=\"(max-width: 1685px) 100vw, 1685px\" \/>\t\t\t\t\t\t\t\t\t\t\t\t<\/div>\n\t\t\t\t\t<\/a>\n\t\t\t\t \n\n\n\n\n\t\t\t\t<div class=\"_elementor-post__text\">\n\t\t\t\t\t<div class=\"elementor-post__meta-data\">\n\t\t\t\t\t\t \n\t\t\t\t\t\t \n\t\t\t\t\t\t\t\t\t\t\t\t\t<span>March 29, 2024<\/span>\n\t\t\t\t\t\t\t\t\t\t\t<\/div>\n\t\t\t\t\t<h3>\n\t\t\t\t\t\t\t\t\t\t\t<a href=\"https:\/\/www.stereau.com\/en\/?post_type=post&p=8338\">SEDE Wastewater Treatment Plant: Stereau Switzerland at the forefront of micropollutant treatment<\/a>\n\t\t\t\t\t \n\t\t\t\t\t<\/h3>\n\t\t\t\t\t\t\t\t\t\t\t\t\t\t\t<div class=\"post-btns\">\n\t\t\t\t\t\t\t\t\t\t<\/div>\n\t\t\t\t<\/div>\n\n\t\t\t<\/article>\n\t\t\t\t\t<\/div>\n\n\n\t\t\t\t\t\t<nav class=\"elementor-pagination\" aria-label=\"Pagination\">\n\t\t\t\t\t\t\t\t\t\t<ul><li>\n\t\t\t\t\t<span aria-current=\"page\" class=\"page-numbers current\"><span class=\"elementor-screen-only\">Page<\/span>1<\/span><\/li><li><a class=\"page-numbers\" href=\"\/en\/wp-json\/wp\/v2\/pages\/6192?paged=2\"><span class=\"elementor-screen-only\">Page<\/span>2<\/a><\/li><li><a class=\"page-numbers\" href=\"\/en\/wp-json\/wp\/v2\/pages\/6192?paged=3\"><span class=\"elementor-screen-only\">Page<\/span>3<\/a><\/li><li><a class=\"page-numbers\" href=\"\/en\/wp-json\/wp\/v2\/pages\/6192?paged=4\"><span class=\"elementor-screen-only\">Page<\/span>4<\/a>\t\t\t\t\t<\/li><\/ul>\n\t\t\t\t<\/nav>\n\n\n\n\t\t\t\t\t\t\t<\/div>\n\t\t\t\t<\/div>\n\t\t\t\t\t<\/div>\n\t\t<\/div>\n\t\t\t\t\t<\/div>\n\t\t<\/section>\n\t\t\t\t<\/div>\n\t\t","protected":false},"excerpt":{"rendered":"<p>News 16 juin 2023 Premi\u00e8re pierre de l\u2019unit\u00e9 de m\u00e9thanisation de Montauban 25 mai 2023 Inauguration de la station d\u2019\u00e9puration de Fos-sur-Mer 21 avril 2023 Une premi\u00e8re pierre pour la station d\u2019\u00e9puration de Voreppe 26 mars 2023 Lac de Neuch\u00e2tel : un milieu sensible \u00e0 pr\u00e9server 13 f\u00e9vrier 2023 Stereau am\u00e9liore l\u2019acc\u00e8s \u00e0 l\u2019eau pour [&hellip;]<\/p>\n","protected":false},"author":2,"featured_media":0,"parent":6185,"menu_order":0,"comment_status":"closed","ping_status":"closed","template":"","meta":{"_acf_changed":false,"_seopress_robots_primary_cat":"","_seopress_titles_title":"Stereau - Our latest news and press releases","_seopress_titles_desc":"All the news, press releases, and publications to stay up-to-date with Stereau&#039;s latest developments.","_seopress_robots_index":"","inline_featured_image":false,"site-sidebar-layout":"no-sidebar","site-content-layout":"page-builder","ast-site-content-layout":"full-width-container","site-content-style":"unboxed","site-sidebar-style":"unboxed","ast-global-header-display":"","ast-banner-title-visibility":"","ast-main-header-display":"","ast-hfb-above-header-display":"","ast-hfb-below-header-display":"","ast-hfb-mobile-header-display":"","site-post-title":"disabled","ast-breadcrumbs-content":"","ast-featured-img":"disabled","footer-sml-layout":"","ast-disable-related-posts":"","theme-transparent-header-meta":"default","adv-header-id-meta":"","stick-header-meta":"","header-above-stick-meta":"","header-main-stick-meta":"","header-below-stick-meta":"","astra-migrate-meta-layouts":"set","ast-page-background-enabled":"default","ast-page-background-meta":{"desktop":{"background-color":"var(--ast-global-color-4)","background-image":"","background-repeat":"repeat","background-position":"center center","background-size":"auto","background-attachment":"scroll","background-type":"","background-media":"","overlay-type":"","overlay-color":"","overlay-opacity":"","overlay-gradient":""},"tablet":{"background-color":"","background-image":"","background-repeat":"repeat","background-position":"center center","background-size":"auto","background-attachment":"scroll","background-type":"","background-media":"","overlay-type":"","overlay-color":"","overlay-opacity":"","overlay-gradient":""},"mobile":{"background-color":"","background-image":"","background-repeat":"repeat","background-position":"center center","background-size":"auto","background-attachment":"scroll","background-type":"","background-media":"","overlay-type":"","overlay-color":"","overlay-opacity":"","overlay-gradient":""}},"ast-content-background-meta":{"desktop":{"background-color":"var(--ast-global-color-5)","background-image":"","background-repeat":"repeat","background-position":"center center","background-size":"auto","background-attachment":"scroll","background-type":"","background-media":"","overlay-type":"","overlay-color":"","overlay-opacity":"","overlay-gradient":""},"tablet":{"background-color":"var(--ast-global-color-5)","background-image":"","background-repeat":"repeat","background-position":"center center","background-size":"auto","background-attachment":"scroll","background-type":"","background-media":"","overlay-type":"","overlay-color":"","overlay-opacity":"","overlay-gradient":""},"mobile":{"background-color":"var(--ast-global-color-5)","background-image":"","background-repeat":"repeat","background-position":"center center","background-size":"auto","background-attachment":"scroll","background-type":"","background-media":"","overlay-type":"","overlay-color":"","overlay-opacity":"","overlay-gradient":""}},"footnotes":""},"class_list":["post-6192","page","type-page","status-publish","hentry"],"acf":[],"_links":{"self":[{"href":"https:\/\/www.stereau.com\/en\/wp-json\/wp\/v2\/pages\/6192","targetHints":{"allow":["GET"]}}],"collection":[{"href":"https:\/\/www.stereau.com\/en\/wp-json\/wp\/v2\/pages"}],"about":[{"href":"https:\/\/www.stereau.com\/en\/wp-json\/wp\/v2\/types\/page"}],"author":[{"embeddable":true,"href":"https:\/\/www.stereau.com\/en\/wp-json\/wp\/v2\/users\/2"}],"replies":[{"embeddable":true,"href":"https:\/\/www.stereau.com\/en\/wp-json\/wp\/v2\/comments?post=6192"}],"version-history":[{"count":7,"href":"https:\/\/www.stereau.com\/en\/wp-json\/wp\/v2\/pages\/6192\/revisions"}],"predecessor-version":[{"id":6970,"href":"https:\/\/www.stereau.com\/en\/wp-json\/wp\/v2\/pages\/6192\/revisions\/6970"}],"up":[{"embeddable":true,"href":"https:\/\/www.stereau.com\/en\/wp-json\/wp\/v2\/pages\/6185"}],"wp:attachment":[{"href":"https:\/\/www.stereau.com\/en\/wp-json\/wp\/v2\/media?parent=6192"}],"curies":[{"name":"wp","href":"https:\/\/api.w.org\/{rel}","templated":true}]}}